{"id":38,"date":"2021-02-07T08:53:42","date_gmt":"2021-02-07T08:53:42","guid":{"rendered":"http:\/\/valymo.kuriamas.lt\/pagrindinis\/"},"modified":"2026-03-03T10:25:54","modified_gmt":"2026-03-03T10:25:54","slug":"pagrindinis","status":"publish","type":"page","link":"https:\/\/valymoirenginiai.lt\/en\/","title":{"rendered":"Pagrindinis"},"content":{"rendered":"","protected":false},"excerpt":{"rendered":"","protected":false},"author":1,"featured_media":0,"parent":0,"menu_order":0,"comment_status":"closed","ping_status":"closed","template":"page-home.php","meta":{"inline_featured_image":false,"footnotes":""},"class_list":["post-38","page","type-page","status-publish","hentry"],"yoast_head":"<!-- This site is optimized with the Yoast SEO plugin v24.0 - https:\/\/yoast.com\/wordpress\/plugins\/seo\/ -->\n<title>Nuotek\u0173 valymo \u012frenginiai (biologiniai) - Pagaminta Lietuvoje!<\/title>\n<meta name=\"description\" content=\"Auk\u0161\u010diausius skandinavi\u0161kus standartus atitinkantys nuotek\u0173 valymo \u012frenginiai. ? Ilgaam\u017ei\u0161ki, prieinami, patraukl\u016bs i\u0161laikymo ka\u0161tai ? Sprendimas, kuriuo d\u017eiaugsit\u0117s!\" \/>\n<meta name=\"robots\" content=\"index, follow, max-snippet:-1, max-image-preview:large, max-video-preview:-1\" \/>\n<link rel=\"canonical\" href=\"https:\/\/valymoirenginiai.lt\/en\/\" \/>\n<meta property=\"og:locale\" content=\"en_US\" \/>\n<meta property=\"og:type\" content=\"article\" \/>\n<meta property=\"og:title\" content=\"Nuotek\u0173 valymo \u012frenginiai (biologiniai) - Pagaminta Lietuvoje!\" \/>\n<meta property=\"og:description\" content=\"Auk\u0161\u010diausius skandinavi\u0161kus standartus atitinkantys nuotek\u0173 valymo \u012frenginiai. ? Ilgaam\u017ei\u0161ki, prieinami, patraukl\u016bs i\u0161laikymo ka\u0161tai ? Sprendimas, kuriuo d\u017eiaugsit\u0117s!\" \/>\n<meta property=\"og:url\" content=\"https:\/\/valymoirenginiai.lt\/en\/\" \/>\n<meta property=\"og:site_name\" content=\"Valymo \u012frenginiai\" \/>\n<meta property=\"article:modified_time\" content=\"2026-03-03T10:25:54+00:00\" \/>\n<meta name=\"twitter:card\" content=\"summary_large_image\" \/>\n<script type=\"application\/ld+json\" class=\"yoast-schema-graph\">{\"@context\":\"https:\/\/schema.org\",\"@graph\":[{\"@type\":\"WebPage\",\"@id\":\"https:\/\/valymoirenginiai.lt\/en\/\",\"url\":\"https:\/\/valymoirenginiai.lt\/en\/\",\"name\":\"Nuotek\u0173 valymo \u012frenginiai (biologiniai) - Pagaminta Lietuvoje!\",\"isPartOf\":{\"@id\":\"https:\/\/valymoirenginiai.lt\/#website\"},\"datePublished\":\"2021-02-07T08:53:42+00:00\",\"dateModified\":\"2026-03-03T10:25:54+00:00\",\"description\":\"Auk\u0161\u010diausius skandinavi\u0161kus standartus atitinkantys nuotek\u0173 valymo \u012frenginiai. ? Ilgaam\u017ei\u0161ki, prieinami, patraukl\u016bs i\u0161laikymo ka\u0161tai ? Sprendimas, kuriuo d\u017eiaugsit\u0117s!\",\"breadcrumb\":{\"@id\":\"https:\/\/valymoirenginiai.lt\/en\/#breadcrumb\"},\"inLanguage\":\"en-US\",\"potentialAction\":[{\"@type\":\"ReadAction\",\"target\":[\"https:\/\/valymoirenginiai.lt\/en\/\"]}]},{\"@type\":\"BreadcrumbList\",\"@id\":\"https:\/\/valymoirenginiai.lt\/en\/#breadcrumb\",\"itemListElement\":[{\"@type\":\"ListItem\",\"position\":1,\"name\":\"Home\",\"item\":\"https:\/\/valymoirenginiai.lt\/en\/\"},{\"@type\":\"ListItem\",\"position\":2,\"name\":\"Pagrindinis\"}]},{\"@type\":\"WebSite\",\"@id\":\"https:\/\/valymoirenginiai.lt\/#website\",\"url\":\"https:\/\/valymoirenginiai.lt\/\",\"name\":\"Valymo \u012frenginiai\",\"description\":\"\",\"potentialAction\":[{\"@type\":\"SearchAction\",\"target\":{\"@type\":\"EntryPoint\",\"urlTemplate\":\"https:\/\/valymoirenginiai.lt\/?s={search_term_string}\"},\"query-input\":{\"@type\":\"PropertyValueSpecification\",\"valueRequired\":true,\"valueName\":\"search_term_string\"}}],\"inLanguage\":\"en-US\"}]}<\/script>\n<!-- \/ Yoast SEO plugin. -->","yoast_head_json":{"title":"Nuotek\u0173 valymo \u012frenginiai (biologiniai) - Pagaminta Lietuvoje!","description":"Auk\u0161\u010diausius skandinavi\u0161kus standartus atitinkantys nuotek\u0173 valymo \u012frenginiai. ? Ilgaam\u017ei\u0161ki, prieinami, patraukl\u016bs i\u0161laikymo ka\u0161tai ? Sprendimas, kuriuo d\u017eiaugsit\u0117s!","robots":{"index":"index","follow":"follow","max-snippet":"max-snippet:-1","max-image-preview":"max-image-preview:large","max-video-preview":"max-video-preview:-1"},"canonical":"https:\/\/valymoirenginiai.lt\/en\/","og_locale":"en_US","og_type":"article","og_title":"Nuotek\u0173 valymo \u012frenginiai (biologiniai) - Pagaminta Lietuvoje!","og_description":"Auk\u0161\u010diausius skandinavi\u0161kus standartus atitinkantys nuotek\u0173 valymo \u012frenginiai. ? Ilgaam\u017ei\u0161ki, prieinami, patraukl\u016bs i\u0161laikymo ka\u0161tai ? Sprendimas, kuriuo d\u017eiaugsit\u0117s!","og_url":"https:\/\/valymoirenginiai.lt\/en\/","og_site_name":"Valymo \u012frenginiai","article_modified_time":"2026-03-03T10:25:54+00:00","twitter_card":"summary_large_image","schema":{"@context":"https:\/\/schema.org","@graph":[{"@type":"WebPage","@id":"https:\/\/valymoirenginiai.lt\/en\/","url":"https:\/\/valymoirenginiai.lt\/en\/","name":"Nuotek\u0173 valymo \u012frenginiai (biologiniai) - Pagaminta Lietuvoje!","isPartOf":{"@id":"https:\/\/valymoirenginiai.lt\/#website"},"datePublished":"2021-02-07T08:53:42+00:00","dateModified":"2026-03-03T10:25:54+00:00","description":"Auk\u0161\u010diausius skandinavi\u0161kus standartus atitinkantys nuotek\u0173 valymo \u012frenginiai. ? Ilgaam\u017ei\u0161ki, prieinami, patraukl\u016bs i\u0161laikymo ka\u0161tai ? Sprendimas, kuriuo d\u017eiaugsit\u0117s!","breadcrumb":{"@id":"https:\/\/valymoirenginiai.lt\/en\/#breadcrumb"},"inLanguage":"en-US","potentialAction":[{"@type":"ReadAction","target":["https:\/\/valymoirenginiai.lt\/en\/"]}]},{"@type":"BreadcrumbList","@id":"https:\/\/valymoirenginiai.lt\/en\/#breadcrumb","itemListElement":[{"@type":"ListItem","position":1,"name":"Home","item":"https:\/\/valymoirenginiai.lt\/en\/"},{"@type":"ListItem","position":2,"name":"Pagrindinis"}]},{"@type":"WebSite","@id":"https:\/\/valymoirenginiai.lt\/#website","url":"https:\/\/valymoirenginiai.lt\/","name":"Valymo \u012frenginiai","description":"","potentialAction":[{"@type":"SearchAction","target":{"@type":"EntryPoint","urlTemplate":"https:\/\/valymoirenginiai.lt\/?s={search_term_string}"},"query-input":{"@type":"PropertyValueSpecification","valueRequired":true,"valueName":"search_term_string"}}],"inLanguage":"en-US"}]}},"_links":{"self":[{"href":"https:\/\/valymoirenginiai.lt\/en\/wp-json\/wp\/v2\/pages\/38","targetHints":{"allow":["GET"]}}],"collection":[{"href":"https:\/\/valymoirenginiai.lt\/en\/wp-json\/wp\/v2\/pages"}],"about":[{"href":"https:\/\/valymoirenginiai.lt\/en\/wp-json\/wp\/v2\/types\/page"}],"author":[{"embeddable":true,"href":"https:\/\/valymoirenginiai.lt\/en\/wp-json\/wp\/v2\/users\/1"}],"replies":[{"embeddable":true,"href":"https:\/\/valymoirenginiai.lt\/en\/wp-json\/wp\/v2\/comments?post=38"}],"version-history":[{"count":24,"href":"https:\/\/valymoirenginiai.lt\/en\/wp-json\/wp\/v2\/pages\/38\/revisions"}],"predecessor-version":[{"id":1453,"href":"https:\/\/valymoirenginiai.lt\/en\/wp-json\/wp\/v2\/pages\/38\/revisions\/1453"}],"wp:attachment":[{"href":"https:\/\/valymoirenginiai.lt\/en\/wp-json\/wp\/v2\/media?parent=38"}],"curies":[{"name":"wp","href":"https:\/\/api.w.org\/{rel}","templated":true}]}}